{"id":50,"date":"2025-06-19T17:08:18","date_gmt":"2025-06-19T17:08:18","guid":{"rendered":"https:\/\/fundacionnuevomundo.org.ec\/?page_id=50"},"modified":"2025-07-01T16:00:38","modified_gmt":"2025-07-01T16:00:38","slug":"programas","status":"publish","type":"page","link":"https:\/\/fundacionnuevomundo.org.ec\/index.php\/programas\/","title":{"rendered":"Programas"},"content":{"rendered":"\n<div class=\"wp-block-group alignfull has-white-background-color has-background is-layout-constrained wp-block-group-is-layout-constrained\" style=\"padding-top:7rem;padding-bottom:7rem\">\n<div class=\"wp-block-columns is-layout-flex wp-container-core-columns-is-layout-2709eace wp-block-columns-is-layout-flex\">\n<div class=\"wp-block-column is-layout-flow wp-block-column-is-layout-flow\">\n<div class=\"wp-block-cover has-custom-content-position is-position-top-center\" style=\"border-radius:20px;padding-top:30px;padding-right:30px;padding-bottom:30px;padding-left:30px\"><img loading=\"lazy\" decoding=\"async\" width=\"1024\" height=\"768\" class=\"wp-block-cover__image-background wp-image-51 size-large\" alt=\"\" src=\"https:\/\/fundacionnuevomundo.org.ec\/wp-content\/uploads\/2025\/06\/DSC_0561-2-1024x768.jpg\" data-object-fit=\"cover\" srcset=\"https:\/\/fundacionnuevomundo.org.ec\/wp-content\/uploads\/2025\/06\/DSC_0561-2-1024x768.jpg 1024w, https:\/\/fundacionnuevomundo.org.ec\/wp-content\/uploads\/2025\/06\/DSC_0561-2-600x450.jpg 600w, https:\/\/fundacionnuevomundo.org.ec\/wp-content\/uploads\/2025\/06\/DSC_0561-2-300x225.jpg 300w, https:\/\/fundacionnuevomundo.org.ec\/wp-content\/uploads\/2025\/06\/DSC_0561-2-768x576.jpg 768w, https:\/\/fundacionnuevomundo.org.ec\/wp-content\/uploads\/2025\/06\/DSC_0561-2-1536x1152.jpg 1536w, https:\/\/fundacionnuevomundo.org.ec\/wp-content\/uploads\/2025\/06\/DSC_0561-2.jpg 2048w\" sizes=\"auto, (max-width: 1024px) 100vw, 1024px\" \/><span aria-hidden=\"true\" class=\"wp-block-cover__background has-background-dim wp-block-cover__gradient-background has-background-gradient\" style=\"background:linear-gradient(90deg,rgb(0,0,0) 0%,rgba(255,255,255,0) 100%)\"><\/span><div class=\"wp-block-cover__inner-container is-layout-constrained wp-container-core-cover-is-layout-edcd9cee wp-block-cover-is-layout-constrained\">\n<div class=\"wp-block-group is-vertical is-layout-flex wp-container-core-group-is-layout-0bc941e6 wp-block-group-is-layout-flex\" style=\"min-height:450px\">\n<div class=\"wp-block-group is-content-justification-left is-layout-constrained wp-container-core-group-is-layout-12dd3699 wp-block-group-is-layout-constrained\">\n<h2 class=\"wp-block-heading has-white-color has-text-color has-link-color wp-elements-769294f12d1c7f2138d9a8ad21b255ce\" style=\"margin-top:0;font-size:clamp(16.293px, 1.018rem + ((1vw - 3.2px) * 0.68), 25px);\">Buijo Hist\u00f3rico<\/h2>\n<\/div>\n\n\n\n<div class=\"wp-block-buttons is-layout-flex wp-block-buttons-is-layout-flex\">\n<div class=\"wp-block-button\"><a class=\"wp-block-button__link has-black-color has-white-background-color has-text-color has-background has-link-color has-text-align-center wp-element-button\" href=\"https:\/\/fundacionnuevomundo.org.ec\/index.php\/34-2\/\" style=\"border-radius:8px;padding-top:12px;padding-bottom:12px\">\u00bfC\u00f3mo Ayudar?<\/a><\/div>\n<\/div>\n<\/div>\n<\/div><\/div>\n<\/div>\n<\/div>\n<\/div>\n\n\n\n<div class=\"wp-block-columns is-layout-flex wp-container-core-columns-is-layout-28f84493 wp-block-columns-is-layout-flex\">\n<div class=\"wp-block-column is-layout-flow wp-block-column-is-layout-flow\" style=\"flex-basis:33.33%\">\n<div class=\"wp-block-group is-layout-constrained wp-block-group-is-layout-constrained\">\n<div class=\"wp-block-cover has-custom-content-position is-position-top-center\" style=\"border-radius:20px;padding-top:30px;padding-right:30px;padding-bottom:30px;padding-left:30px;min-height:370px;aspect-ratio:unset;\"><img loading=\"lazy\" decoding=\"async\" width=\"1024\" height=\"819\" class=\"wp-block-cover__image-background wp-image-57 size-large\" alt=\"\" src=\"https:\/\/fundacionnuevomundo.org.ec\/wp-content\/uploads\/2025\/06\/IMG_0980-3-1024x819.jpg\" data-object-fit=\"cover\" srcset=\"https:\/\/fundacionnuevomundo.org.ec\/wp-content\/uploads\/2025\/06\/IMG_0980-3-1024x819.jpg 1024w, https:\/\/fundacionnuevomundo.org.ec\/wp-content\/uploads\/2025\/06\/IMG_0980-3-600x480.jpg 600w, https:\/\/fundacionnuevomundo.org.ec\/wp-content\/uploads\/2025\/06\/IMG_0980-3-300x240.jpg 300w, https:\/\/fundacionnuevomundo.org.ec\/wp-content\/uploads\/2025\/06\/IMG_0980-3-768x614.jpg 768w, https:\/\/fundacionnuevomundo.org.ec\/wp-content\/uploads\/2025\/06\/IMG_0980-3-1536x1228.jpg 1536w, https:\/\/fundacionnuevomundo.org.ec\/wp-content\/uploads\/2025\/06\/IMG_0980-3.jpg 2048w\" sizes=\"auto, (max-width: 1024px) 100vw, 1024px\" \/><span aria-hidden=\"true\" class=\"wp-block-cover__background has-background-dim wp-block-cover__gradient-background has-background-gradient\" style=\"background:linear-gradient(90deg,rgb(0,0,0) 0%,rgba(255,255,255,0) 100%)\"><\/span><div class=\"wp-block-cover__inner-container is-layout-constrained wp-container-core-cover-is-layout-edcd9cee wp-block-cover-is-layout-constrained\">\n<div class=\"wp-block-group is-vertical is-layout-flex wp-container-core-group-is-layout-0bc941e6 wp-block-group-is-layout-flex\" style=\"min-height:450px\">\n<div class=\"wp-block-group is-layout-constrained wp-block-group-is-layout-constrained\">\n<h2 class=\"wp-block-heading has-white-color has-text-color has-link-color wp-elements-92ed02000a2b2f3f6f9055931e7998b7\" style=\"margin-top:0;font-size:clamp(16.293px, 1.018rem + ((1vw - 3.2px) * 0.68), 25px);\">Programa de desarrollo socio-emocional<\/h2>\n\n\n\n<p class=\"has-white-color has-text-color has-link-color wp-elements-f08b78fe1d05cfb7481cda911e045f11\" style=\"margin-bottom:30px\">Durante el a\u00f1o escolar, apoyamos el desarrollo socio-emocional de los ni\u00f1os y reforzamos sus habilidades matem\u00e1ticas, lenguaje y motricidad.<\/p>\n<\/div>\n\n\n\n<div class=\"wp-block-buttons is-layout-flex wp-block-buttons-is-layout-flex\">\n<div class=\"wp-block-button\"><a class=\"wp-block-button__link has-black-color has-white-background-color has-text-color has-background has-link-color wp-element-button\" href=\"https:\/\/fundacionnuevomundo.org.ec\/index.php\/novedades\/\" style=\"border-radius:8px;padding-top:12px;padding-bottom:12px\">Novedades \u2192<\/a><\/div>\n<\/div>\n<\/div>\n<\/div><\/div>\n<\/div>\n<\/div>\n\n\n\n<div class=\"wp-block-column is-layout-flow wp-block-column-is-layout-flow\" style=\"flex-basis:66.66%\">\n<div class=\"wp-block-columns is-layout-flex wp-container-core-columns-is-layout-28f84493 wp-block-columns-is-layout-flex\">\n<div class=\"wp-block-column is-layout-flow wp-block-column-is-layout-flow\">\n<figure class=\"wp-block-image size-full has-custom-border\" style=\"margin-bottom:30px\"><img loading=\"lazy\" decoding=\"async\" width=\"2047\" height=\"2048\" src=\"https:\/\/fundacionnuevomundo.org.ec\/wp-content\/uploads\/2025\/06\/DSC_1261-2.jpg\" alt=\"\" class=\"wp-image-58\" style=\"border-radius:20px;aspect-ratio:4\/3;object-fit:cover\" srcset=\"https:\/\/fundacionnuevomundo.org.ec\/wp-content\/uploads\/2025\/06\/DSC_1261-2.jpg 2047w, https:\/\/fundacionnuevomundo.org.ec\/wp-content\/uploads\/2025\/06\/DSC_1261-2-300x300.jpg 300w, https:\/\/fundacionnuevomundo.org.ec\/wp-content\/uploads\/2025\/06\/DSC_1261-2-100x100.jpg 100w, https:\/\/fundacionnuevomundo.org.ec\/wp-content\/uploads\/2025\/06\/DSC_1261-2-600x600.jpg 600w, https:\/\/fundacionnuevomundo.org.ec\/wp-content\/uploads\/2025\/06\/DSC_1261-2-500x500.jpg 500w, https:\/\/fundacionnuevomundo.org.ec\/wp-content\/uploads\/2025\/06\/DSC_1261-2-1024x1024.jpg 1024w, https:\/\/fundacionnuevomundo.org.ec\/wp-content\/uploads\/2025\/06\/DSC_1261-2-150x150.jpg 150w, https:\/\/fundacionnuevomundo.org.ec\/wp-content\/uploads\/2025\/06\/DSC_1261-2-768x768.jpg 768w, https:\/\/fundacionnuevomundo.org.ec\/wp-content\/uploads\/2025\/06\/DSC_1261-2-1536x1536.jpg 1536w\" sizes=\"auto, (max-width: 2047px) 100vw, 2047px\" \/><\/figure>\n\n\n\n<h4 class=\"wp-block-heading\">Escuela para Padres<\/h4>\n\n\n\n<p>Ense\u00f1amos a los padres como apoyar y acompa\u00f1ar el desarrollo de sus hijos.<\/p>\n<\/div>\n\n\n\n<div class=\"wp-block-column is-layout-flow wp-block-column-is-layout-flow\">\n<figure class=\"wp-block-image size-full has-custom-border\" style=\"margin-bottom:30px\"><img loading=\"lazy\" decoding=\"async\" width=\"1365\" height=\"1365\" src=\"https:\/\/fundacionnuevomundo.org.ec\/wp-content\/uploads\/2025\/06\/IMG_3664-edited.jpg\" alt=\"\" class=\"wp-image-65\" style=\"border-radius:20px;aspect-ratio:4\/3;object-fit:cover\" srcset=\"https:\/\/fundacionnuevomundo.org.ec\/wp-content\/uploads\/2025\/06\/IMG_3664-edited.jpg 1365w, https:\/\/fundacionnuevomundo.org.ec\/wp-content\/uploads\/2025\/06\/IMG_3664-edited-300x300.jpg 300w, https:\/\/fundacionnuevomundo.org.ec\/wp-content\/uploads\/2025\/06\/IMG_3664-edited-100x100.jpg 100w, https:\/\/fundacionnuevomundo.org.ec\/wp-content\/uploads\/2025\/06\/IMG_3664-edited-600x600.jpg 600w, https:\/\/fundacionnuevomundo.org.ec\/wp-content\/uploads\/2025\/06\/IMG_3664-edited-500x500.jpg 500w, https:\/\/fundacionnuevomundo.org.ec\/wp-content\/uploads\/2025\/06\/IMG_3664-edited-1024x1024.jpg 1024w, https:\/\/fundacionnuevomundo.org.ec\/wp-content\/uploads\/2025\/06\/IMG_3664-edited-150x150.jpg 150w, https:\/\/fundacionnuevomundo.org.ec\/wp-content\/uploads\/2025\/06\/IMG_3664-edited-768x768.jpg 768w\" sizes=\"auto, (max-width: 1365px) 100vw, 1365px\" \/><\/figure>\n\n\n\n<h4 class=\"wp-block-heading\">Vacacional<\/h4>\n\n\n\n<p>De marzo a abril, los ni\u00f1os tienen un espacio seguro para  seguir aprendiendo.<\/p>\n<\/div>\n\n\n\n<div class=\"wp-block-column is-layout-flow wp-block-column-is-layout-flow\">\n<figure class=\"wp-block-image size-full has-custom-border\" style=\"margin-bottom:30px\"><img loading=\"lazy\" decoding=\"async\" width=\"2048\" height=\"1365\" src=\"https:\/\/fundacionnuevomundo.org.ec\/wp-content\/uploads\/2025\/06\/IMG_6362-2.jpg\" alt=\"\" class=\"wp-image-67\" style=\"border-radius:20px;aspect-ratio:4\/3;object-fit:cover\" srcset=\"https:\/\/fundacionnuevomundo.org.ec\/wp-content\/uploads\/2025\/06\/IMG_6362-2.jpg 2048w, https:\/\/fundacionnuevomundo.org.ec\/wp-content\/uploads\/2025\/06\/IMG_6362-2-600x400.jpg 600w, https:\/\/fundacionnuevomundo.org.ec\/wp-content\/uploads\/2025\/06\/IMG_6362-2-300x200.jpg 300w, https:\/\/fundacionnuevomundo.org.ec\/wp-content\/uploads\/2025\/06\/IMG_6362-2-1024x683.jpg 1024w, https:\/\/fundacionnuevomundo.org.ec\/wp-content\/uploads\/2025\/06\/IMG_6362-2-768x512.jpg 768w, https:\/\/fundacionnuevomundo.org.ec\/wp-content\/uploads\/2025\/06\/IMG_6362-2-1536x1024.jpg 1536w\" sizes=\"auto, (max-width: 2048px) 100vw, 2048px\" \/><\/figure>\n\n\n\n<h4 class=\"wp-block-heading\">Clases de Ingl\u00e9s<\/h4>\n\n\n\n<p>Brindamos la oportunidad de aprender ingl\u00e9s a ni\u00f1os de 4to a 6to a\u00f1o de primaria.<\/p>\n<\/div>\n<\/div>\n<\/div>\n<\/div>\n\n\n\n<div style=\"height:100px\" aria-hidden=\"true\" class=\"wp-block-spacer\"><\/div>\n\n\n\n<h2 class=\"wp-block-heading\">Actividades y Momentos<\/h2>\n\n\n\n<figure class=\"wp-block-gallery has-nested-images columns-default is-cropped wp-block-gallery-1 is-layout-flex wp-block-gallery-is-layout-flex\">\n<figure class=\"wp-block-image size-large\"><img loading=\"lazy\" decoding=\"async\" width=\"1024\" height=\"1024\" data-id=\"65\" src=\"https:\/\/fundacionnuevomundo.org.ec\/wp-content\/uploads\/2025\/06\/IMG_3664-edited-1024x1024.jpg\" alt=\"\" class=\"wp-image-65\" srcset=\"https:\/\/fundacionnuevomundo.org.ec\/wp-content\/uploads\/2025\/06\/IMG_3664-edited-1024x1024.jpg 1024w, https:\/\/fundacionnuevomundo.org.ec\/wp-content\/uploads\/2025\/06\/IMG_3664-edited-300x300.jpg 300w, https:\/\/fundacionnuevomundo.org.ec\/wp-content\/uploads\/2025\/06\/IMG_3664-edited-100x100.jpg 100w, https:\/\/fundacionnuevomundo.org.ec\/wp-content\/uploads\/2025\/06\/IMG_3664-edited-600x600.jpg 600w, https:\/\/fundacionnuevomundo.org.ec\/wp-content\/uploads\/2025\/06\/IMG_3664-edited-500x500.jpg 500w, https:\/\/fundacionnuevomundo.org.ec\/wp-content\/uploads\/2025\/06\/IMG_3664-edited-150x150.jpg 150w, https:\/\/fundacionnuevomundo.org.ec\/wp-content\/uploads\/2025\/06\/IMG_3664-edited-768x768.jpg 768w, https:\/\/fundacionnuevomundo.org.ec\/wp-content\/uploads\/2025\/06\/IMG_3664-edited.jpg 1365w\" sizes=\"auto, (max-width: 1024px) 100vw, 1024px\" \/><\/figure>\n\n\n\n<figure class=\"wp-block-image size-large\"><img loading=\"lazy\" decoding=\"async\" width=\"683\" height=\"1024\" data-id=\"64\" src=\"https:\/\/fundacionnuevomundo.org.ec\/wp-content\/uploads\/2025\/06\/IMG_3569-2-683x1024.jpg\" alt=\"\" class=\"wp-image-64\" srcset=\"https:\/\/fundacionnuevomundo.org.ec\/wp-content\/uploads\/2025\/06\/IMG_3569-2-683x1024.jpg 683w, https:\/\/fundacionnuevomundo.org.ec\/wp-content\/uploads\/2025\/06\/IMG_3569-2-600x900.jpg 600w, https:\/\/fundacionnuevomundo.org.ec\/wp-content\/uploads\/2025\/06\/IMG_3569-2-200x300.jpg 200w, https:\/\/fundacionnuevomundo.org.ec\/wp-content\/uploads\/2025\/06\/IMG_3569-2-768x1152.jpg 768w, https:\/\/fundacionnuevomundo.org.ec\/wp-content\/uploads\/2025\/06\/IMG_3569-2-1024x1536.jpg 1024w, https:\/\/fundacionnuevomundo.org.ec\/wp-content\/uploads\/2025\/06\/IMG_3569-2.jpg 1365w\" sizes=\"auto, (max-width: 683px) 100vw, 683px\" \/><\/figure>\n\n\n\n<figure class=\"wp-block-image size-large\"><img loading=\"lazy\" decoding=\"async\" width=\"768\" height=\"1024\" data-id=\"60\" src=\"https:\/\/fundacionnuevomundo.org.ec\/wp-content\/uploads\/2025\/06\/DSC_0553-2-768x1024.jpg\" alt=\"\" class=\"wp-image-60\" srcset=\"https:\/\/fundacionnuevomundo.org.ec\/wp-content\/uploads\/2025\/06\/DSC_0553-2-768x1024.jpg 768w, https:\/\/fundacionnuevomundo.org.ec\/wp-content\/uploads\/2025\/06\/DSC_0553-2-600x800.jpg 600w, https:\/\/fundacionnuevomundo.org.ec\/wp-content\/uploads\/2025\/06\/DSC_0553-2-225x300.jpg 225w, https:\/\/fundacionnuevomundo.org.ec\/wp-content\/uploads\/2025\/06\/DSC_0553-2-1152x1536.jpg 1152w, https:\/\/fundacionnuevomundo.org.ec\/wp-content\/uploads\/2025\/06\/DSC_0553-2.jpg 1536w\" sizes=\"auto, (max-width: 768px) 100vw, 768px\" \/><\/figure>\n\n\n\n<figure class=\"wp-block-image size-large\"><img loading=\"lazy\" decoding=\"async\" width=\"1024\" height=\"1024\" data-id=\"59\" src=\"https:\/\/fundacionnuevomundo.org.ec\/wp-content\/uploads\/2025\/06\/DSC_0582-2-1024x1024.jpg\" alt=\"\" class=\"wp-image-59\" srcset=\"https:\/\/fundacionnuevomundo.org.ec\/wp-content\/uploads\/2025\/06\/DSC_0582-2-1024x1024.jpg 1024w, https:\/\/fundacionnuevomundo.org.ec\/wp-content\/uploads\/2025\/06\/DSC_0582-2-300x300.jpg 300w, https:\/\/fundacionnuevomundo.org.ec\/wp-content\/uploads\/2025\/06\/DSC_0582-2-100x100.jpg 100w, https:\/\/fundacionnuevomundo.org.ec\/wp-content\/uploads\/2025\/06\/DSC_0582-2-600x600.jpg 600w, https:\/\/fundacionnuevomundo.org.ec\/wp-content\/uploads\/2025\/06\/DSC_0582-2-500x500.jpg 500w, https:\/\/fundacionnuevomundo.org.ec\/wp-content\/uploads\/2025\/06\/DSC_0582-2-150x150.jpg 150w, https:\/\/fundacionnuevomundo.org.ec\/wp-content\/uploads\/2025\/06\/DSC_0582-2-768x768.jpg 768w, https:\/\/fundacionnuevomundo.org.ec\/wp-content\/uploads\/2025\/06\/DSC_0582-2-1536x1536.jpg 1536w, https:\/\/fundacionnuevomundo.org.ec\/wp-content\/uploads\/2025\/06\/DSC_0582-2.jpg 2048w\" sizes=\"auto, (max-width: 1024px) 100vw, 1024px\" \/><\/figure>\n\n\n\n<figure class=\"wp-block-image size-large\"><img loading=\"lazy\" decoding=\"async\" width=\"1024\" height=\"683\" data-id=\"54\" src=\"https:\/\/fundacionnuevomundo.org.ec\/wp-content\/uploads\/2025\/06\/DSC_0053-1024x683.jpg\" alt=\"\" class=\"wp-image-54\" srcset=\"https:\/\/fundacionnuevomundo.org.ec\/wp-content\/uploads\/2025\/06\/DSC_0053-1024x683.jpg 1024w, https:\/\/fundacionnuevomundo.org.ec\/wp-content\/uploads\/2025\/06\/DSC_0053-600x400.jpg 600w, https:\/\/fundacionnuevomundo.org.ec\/wp-content\/uploads\/2025\/06\/DSC_0053-300x200.jpg 300w, https:\/\/fundacionnuevomundo.org.ec\/wp-content\/uploads\/2025\/06\/DSC_0053-768x512.jpg 768w, https:\/\/fundacionnuevomundo.org.ec\/wp-content\/uploads\/2025\/06\/DSC_0053-1536x1024.jpg 1536w, https:\/\/fundacionnuevomundo.org.ec\/wp-content\/uploads\/2025\/06\/DSC_0053.jpg 2048w\" sizes=\"auto, (max-width: 1024px) 100vw, 1024px\" \/><\/figure>\n\n\n\n<figure class=\"wp-block-image size-large\"><img loading=\"lazy\" decoding=\"async\" width=\"1024\" height=\"819\" data-id=\"57\" src=\"https:\/\/fundacionnuevomundo.org.ec\/wp-content\/uploads\/2025\/06\/IMG_0980-3-1024x819.jpg\" alt=\"\" class=\"wp-image-57\" srcset=\"https:\/\/fundacionnuevomundo.org.ec\/wp-content\/uploads\/2025\/06\/IMG_0980-3-1024x819.jpg 1024w, https:\/\/fundacionnuevomundo.org.ec\/wp-content\/uploads\/2025\/06\/IMG_0980-3-600x480.jpg 600w, https:\/\/fundacionnuevomundo.org.ec\/wp-content\/uploads\/2025\/06\/IMG_0980-3-300x240.jpg 300w, https:\/\/fundacionnuevomundo.org.ec\/wp-content\/uploads\/2025\/06\/IMG_0980-3-768x614.jpg 768w, https:\/\/fundacionnuevomundo.org.ec\/wp-content\/uploads\/2025\/06\/IMG_0980-3-1536x1228.jpg 1536w, https:\/\/fundacionnuevomundo.org.ec\/wp-content\/uploads\/2025\/06\/IMG_0980-3.jpg 2048w\" sizes=\"auto, (max-width: 1024px) 100vw, 1024px\" \/><\/figure>\n\n\n\n<figure class=\"wp-block-image size-large\"><img loading=\"lazy\" decoding=\"async\" width=\"1024\" height=\"683\" data-id=\"44\" src=\"https:\/\/fundacionnuevomundo.org.ec\/wp-content\/uploads\/2025\/06\/IMG_3662-1024x683.jpg\" alt=\"\" class=\"wp-image-44\" srcset=\"https:\/\/fundacionnuevomundo.org.ec\/wp-content\/uploads\/2025\/06\/IMG_3662-1024x683.jpg 1024w, https:\/\/fundacionnuevomundo.org.ec\/wp-content\/uploads\/2025\/06\/IMG_3662-600x400.jpg 600w, https:\/\/fundacionnuevomundo.org.ec\/wp-content\/uploads\/2025\/06\/IMG_3662-300x200.jpg 300w, https:\/\/fundacionnuevomundo.org.ec\/wp-content\/uploads\/2025\/06\/IMG_3662-768x512.jpg 768w, https:\/\/fundacionnuevomundo.org.ec\/wp-content\/uploads\/2025\/06\/IMG_3662-1536x1024.jpg 1536w, https:\/\/fundacionnuevomundo.org.ec\/wp-content\/uploads\/2025\/06\/IMG_3662.jpg 2048w\" sizes=\"auto, (max-width: 1024px) 100vw, 1024px\" \/><\/figure>\n\n\n\n<figure class=\"wp-block-image size-large\"><img loading=\"lazy\" decoding=\"async\" width=\"1024\" height=\"768\" data-id=\"51\" src=\"https:\/\/fundacionnuevomundo.org.ec\/wp-content\/uploads\/2025\/06\/DSC_0561-2-1024x768.jpg\" alt=\"\" class=\"wp-image-51\" srcset=\"https:\/\/fundacionnuevomundo.org.ec\/wp-content\/uploads\/2025\/06\/DSC_0561-2-1024x768.jpg 1024w, https:\/\/fundacionnuevomundo.org.ec\/wp-content\/uploads\/2025\/06\/DSC_0561-2-600x450.jpg 600w, https:\/\/fundacionnuevomundo.org.ec\/wp-content\/uploads\/2025\/06\/DSC_0561-2-300x225.jpg 300w, https:\/\/fundacionnuevomundo.org.ec\/wp-content\/uploads\/2025\/06\/DSC_0561-2-768x576.jpg 768w, https:\/\/fundacionnuevomundo.org.ec\/wp-content\/uploads\/2025\/06\/DSC_0561-2-1536x1152.jpg 1536w, https:\/\/fundacionnuevomundo.org.ec\/wp-content\/uploads\/2025\/06\/DSC_0561-2.jpg 2048w\" sizes=\"auto, (max-width: 1024px) 100vw, 1024px\" \/><\/figure>\n\n\n\n<figure class=\"wp-block-image size-large\"><img loading=\"lazy\" decoding=\"async\" width=\"1024\" height=\"683\" data-id=\"31\" src=\"https:\/\/fundacionnuevomundo.org.ec\/wp-content\/uploads\/2025\/06\/DSC_0090-1024x683.jpg\" alt=\"\" class=\"wp-image-31\" srcset=\"https:\/\/fundacionnuevomundo.org.ec\/wp-content\/uploads\/2025\/06\/DSC_0090-1024x683.jpg 1024w, https:\/\/fundacionnuevomundo.org.ec\/wp-content\/uploads\/2025\/06\/DSC_0090-600x400.jpg 600w, https:\/\/fundacionnuevomundo.org.ec\/wp-content\/uploads\/2025\/06\/DSC_0090-300x200.jpg 300w, https:\/\/fundacionnuevomundo.org.ec\/wp-content\/uploads\/2025\/06\/DSC_0090-768x512.jpg 768w, https:\/\/fundacionnuevomundo.org.ec\/wp-content\/uploads\/2025\/06\/DSC_0090-1536x1024.jpg 1536w, https:\/\/fundacionnuevomundo.org.ec\/wp-content\/uploads\/2025\/06\/DSC_0090.jpg 2048w\" sizes=\"auto, (max-width: 1024px) 100vw, 1024px\" \/><\/figure>\n<\/figure>\n","protected":false},"excerpt":{"rendered":"<p>Escuela para Padres Ense\u00f1amos a los padres como apoyar y acompa\u00f1ar el desarrollo de sus hijos. Vacacional De marzo a abril, los ni\u00f1os tienen un espacio seguro para seguir aprendiendo. Clases de Ingl\u00e9s Brindamos la oportunidad de aprender ingl\u00e9s a ni\u00f1os de 4to a 6to a\u00f1o de primaria. Actividades y Momentos<\/p>\n","protected":false},"author":1,"featured_media":0,"parent":0,"menu_order":0,"comment_status":"closed","ping_status":"closed","template":"","meta":{"footnotes":""},"class_list":["post-50","page","type-page","status-publish","hentry"],"blocksy_meta":[],"jetpack_sharing_enabled":true,"_links":{"self":[{"href":"https:\/\/fundacionnuevomundo.org.ec\/index.php\/wp-json\/wp\/v2\/pages\/50","targetHints":{"allow":["GET"]}}],"collection":[{"href":"https:\/\/fundacionnuevomundo.org.ec\/index.php\/wp-json\/wp\/v2\/pages"}],"about":[{"href":"https:\/\/fundacionnuevomundo.org.ec\/index.php\/wp-json\/wp\/v2\/types\/page"}],"author":[{"embeddable":true,"href":"https:\/\/fundacionnuevomundo.org.ec\/index.php\/wp-json\/wp\/v2\/users\/1"}],"replies":[{"embeddable":true,"href":"https:\/\/fundacionnuevomundo.org.ec\/index.php\/wp-json\/wp\/v2\/comments?post=50"}],"version-history":[{"count":7,"href":"https:\/\/fundacionnuevomundo.org.ec\/index.php\/wp-json\/wp\/v2\/pages\/50\/revisions"}],"predecessor-version":[{"id":97,"href":"https:\/\/fundacionnuevomundo.org.ec\/index.php\/wp-json\/wp\/v2\/pages\/50\/revisions\/97"}],"wp:attachment":[{"href":"https:\/\/fundacionnuevomundo.org.ec\/index.php\/wp-json\/wp\/v2\/media?parent=50"}],"curies":[{"name":"wp","href":"https:\/\/api.w.org\/{rel}","templated":true}]}}