{"id":46,"date":"2025-06-19T16:56:00","date_gmt":"2025-06-19T16:56:00","guid":{"rendered":"https:\/\/fundacionnuevomundo.org.ec\/?page_id=46"},"modified":"2025-07-01T16:10:30","modified_gmt":"2025-07-01T16:10:30","slug":"historia","status":"publish","type":"page","link":"https:\/\/fundacionnuevomundo.org.ec\/index.php\/historia\/","title":{"rendered":"Quienes Somos"},"content":{"rendered":"\n<div class=\"wp-block-group alignfull has-white-background-color has-background is-layout-constrained wp-block-group-is-layout-constrained\" style=\"padding-top:7rem;padding-bottom:7rem\">\n<p class=\"has-text-align-center has-black-color has-text-color has-link-color wp-elements-04e324f07ec9d2ec1c3b82db3353d5e6\" style=\"margin-bottom:20px;font-style:normal;font-weight:500\">Fundadoras en 1985<\/p>\n\n\n\n<h1 class=\"wp-block-heading has-text-align-center has-black-color has-text-color has-link-color has-xx-large-font-size wp-elements-0e9c97e9fb74974e2ae2a1b47ce22bd2\" style=\"margin-top:0;font-style:normal;font-weight:800;line-height:1.2\">M\u00e1s de 41 a\u00f1os de historia<\/h1>\n\n\n\n<div style=\"height:100px\" aria-hidden=\"true\" class=\"wp-block-spacer\"><\/div>\n\n\n\n<h2 class=\"wp-block-heading alignwide\">Transformar vidas a trav\u00e9s de la educaci\u00f3n<\/h2>\n\n\n\n<div class=\"wp-block-columns alignwide is-layout-flex wp-container-core-columns-is-layout-28f84493 wp-block-columns-is-layout-flex\">\n<div class=\"wp-block-column is-layout-flow wp-block-column-is-layout-flow\" style=\"flex-basis:33.33%\">\n<figure class=\"wp-block-image size-large\"><img loading=\"lazy\" decoding=\"async\" width=\"1024\" height=\"683\" src=\"https:\/\/fundacionnuevomundo.org.ec\/wp-content\/uploads\/2025\/06\/IMG_6362-2-1024x683.jpg\" alt=\"\" class=\"wp-image-67\" srcset=\"https:\/\/fundacionnuevomundo.org.ec\/wp-content\/uploads\/2025\/06\/IMG_6362-2-1024x683.jpg 1024w, https:\/\/fundacionnuevomundo.org.ec\/wp-content\/uploads\/2025\/06\/IMG_6362-2-600x400.jpg 600w, https:\/\/fundacionnuevomundo.org.ec\/wp-content\/uploads\/2025\/06\/IMG_6362-2-300x200.jpg 300w, https:\/\/fundacionnuevomundo.org.ec\/wp-content\/uploads\/2025\/06\/IMG_6362-2-768x512.jpg 768w, https:\/\/fundacionnuevomundo.org.ec\/wp-content\/uploads\/2025\/06\/IMG_6362-2-1536x1024.jpg 1536w, https:\/\/fundacionnuevomundo.org.ec\/wp-content\/uploads\/2025\/06\/IMG_6362-2.jpg 2048w\" sizes=\"auto, (max-width: 1024px) 100vw, 1024px\" \/><\/figure>\n<\/div>\n\n\n\n<div class=\"wp-block-column is-layout-flow wp-block-column-is-layout-flow\" style=\"flex-basis:66.66%\">\n<p>Hace m\u00e1s de 41 a\u00f1os, en 1985,&nbsp;Celeste Blacio de Rend\u00f3n, Sonia Rend\u00f3n y Patricia McTeague&nbsp;fundaron la organizaci\u00f3n sin fines de lucro&nbsp;\u00abFundaci\u00f3n Nuevo Mundo\u00bb&nbsp;con un prop\u00f3sito claro: transformar vidas a trav\u00e9s de la educaci\u00f3n. Desde entonces, han centrado sus esfuerzos en proporcionar apoyo educativo a ni\u00f1os de bajos recursos, reconociendo la educaci\u00f3n como el camino para romper el ciclo de la pobreza.<\/p>\n\n\n\n<p>La Fundaci\u00f3n Nuevo Mundo&nbsp;ha sido una luz de esperanza para familias vulnerables, brind\u00e1ndoles oportunidades educativas y apoyo en su desarrollo personal. Muchos de sus beneficiarios han superado obst\u00e1culos y logrado metas impensables.<\/p>\n<\/div>\n<\/div>\n\n\n\n<div style=\"height:100px\" aria-hidden=\"true\" class=\"wp-block-spacer\"><\/div>\n\n\n\n<div class=\"wp-block-columns is-layout-flex wp-container-core-columns-is-layout-2709eace wp-block-columns-is-layout-flex\">\n<div class=\"wp-block-column has-border-color is-layout-flow wp-block-column-is-layout-flow\" style=\"border-color:#0000001f;border-style:solid;border-width:2px;border-radius:20px;padding-top:30px;padding-right:30px;padding-bottom:30px;padding-left:30px\">\n<div class=\"wp-block-group is-content-justification-center is-nowrap is-layout-flex wp-container-core-group-is-layout-faecc223 wp-block-group-is-layout-flex\" style=\"margin-bottom:50px\">\n<figure class=\"wp-block-image size-full is-resized has-custom-border\"><img loading=\"lazy\" decoding=\"async\" width=\"693\" height=\"693\" src=\"https:\/\/fundacionnuevomundo.org.ec\/wp-content\/uploads\/2025\/07\/797b98d0-8d6b-4dda-b2d5-f063165f398e.jpg\" alt=\"\" class=\"wp-image-94\" style=\"border-radius:100%;width:150px\" srcset=\"https:\/\/fundacionnuevomundo.org.ec\/wp-content\/uploads\/2025\/07\/797b98d0-8d6b-4dda-b2d5-f063165f398e.jpg 693w, https:\/\/fundacionnuevomundo.org.ec\/wp-content\/uploads\/2025\/07\/797b98d0-8d6b-4dda-b2d5-f063165f398e-300x300.jpg 300w, https:\/\/fundacionnuevomundo.org.ec\/wp-content\/uploads\/2025\/07\/797b98d0-8d6b-4dda-b2d5-f063165f398e-100x100.jpg 100w, https:\/\/fundacionnuevomundo.org.ec\/wp-content\/uploads\/2025\/07\/797b98d0-8d6b-4dda-b2d5-f063165f398e-600x600.jpg 600w, https:\/\/fundacionnuevomundo.org.ec\/wp-content\/uploads\/2025\/07\/797b98d0-8d6b-4dda-b2d5-f063165f398e-500x500.jpg 500w, https:\/\/fundacionnuevomundo.org.ec\/wp-content\/uploads\/2025\/07\/797b98d0-8d6b-4dda-b2d5-f063165f398e-150x150.jpg 150w\" sizes=\"auto, (max-width: 693px) 100vw, 693px\" \/><\/figure>\n<\/div>\n\n\n\n<h2 class=\"wp-block-heading has-text-align-center has-black-color has-text-color has-link-color has-medium-font-size wp-elements-8aeb313977a4db4c36d3a5b92a5059ef\" style=\"margin-top:0px\">Celeste Blacio<\/h2>\n\n\n\n<p class=\"has-text-align-center has-text-color has-link-color wp-elements-0a815669e1b51b10670f8b04338e77c9\" style=\"color:#000000a8;margin-bottom:30px\">Practicar&nbsp; el amor y el servicio a los dem\u00e1s sin mezquindades Confiar en s\u00ed mismo para lograr la meta propuesta. Mientras m\u00e1s alto es el ideal, m\u00e1s alto deben ser los esfuerzos por alcanzarlos.<\/p>\n<\/div>\n\n\n\n<div class=\"wp-block-column has-border-color is-layout-flow wp-block-column-is-layout-flow\" style=\"border-color:#0000001f;border-style:solid;border-width:2px;border-radius:20px;padding-top:30px;padding-right:30px;padding-bottom:30px;padding-left:30px\">\n<div class=\"wp-block-group is-content-justification-center is-nowrap is-layout-flex wp-container-core-group-is-layout-faecc223 wp-block-group-is-layout-flex\" style=\"margin-bottom:50px\">\n<figure class=\"wp-block-image size-full is-resized has-custom-border\"><img loading=\"lazy\" decoding=\"async\" width=\"2048\" height=\"2048\" src=\"https:\/\/fundacionnuevomundo.org.ec\/wp-content\/uploads\/2025\/07\/c1fe4716-e90c-47b4-aa61-453d5b4cd413.jpg\" alt=\"\" class=\"wp-image-99\" style=\"border-radius:100%;width:134px;height:auto\" srcset=\"https:\/\/fundacionnuevomundo.org.ec\/wp-content\/uploads\/2025\/07\/c1fe4716-e90c-47b4-aa61-453d5b4cd413.jpg 2048w, https:\/\/fundacionnuevomundo.org.ec\/wp-content\/uploads\/2025\/07\/c1fe4716-e90c-47b4-aa61-453d5b4cd413-300x300.jpg 300w, https:\/\/fundacionnuevomundo.org.ec\/wp-content\/uploads\/2025\/07\/c1fe4716-e90c-47b4-aa61-453d5b4cd413-100x100.jpg 100w, https:\/\/fundacionnuevomundo.org.ec\/wp-content\/uploads\/2025\/07\/c1fe4716-e90c-47b4-aa61-453d5b4cd413-600x600.jpg 600w, https:\/\/fundacionnuevomundo.org.ec\/wp-content\/uploads\/2025\/07\/c1fe4716-e90c-47b4-aa61-453d5b4cd413-500x500.jpg 500w, https:\/\/fundacionnuevomundo.org.ec\/wp-content\/uploads\/2025\/07\/c1fe4716-e90c-47b4-aa61-453d5b4cd413-1024x1024.jpg 1024w, https:\/\/fundacionnuevomundo.org.ec\/wp-content\/uploads\/2025\/07\/c1fe4716-e90c-47b4-aa61-453d5b4cd413-150x150.jpg 150w, https:\/\/fundacionnuevomundo.org.ec\/wp-content\/uploads\/2025\/07\/c1fe4716-e90c-47b4-aa61-453d5b4cd413-768x768.jpg 768w, https:\/\/fundacionnuevomundo.org.ec\/wp-content\/uploads\/2025\/07\/c1fe4716-e90c-47b4-aa61-453d5b4cd413-1536x1536.jpg 1536w\" sizes=\"auto, (max-width: 2048px) 100vw, 2048px\" \/><\/figure>\n<\/div>\n\n\n\n<h2 class=\"wp-block-heading has-text-align-center has-black-color has-text-color has-link-color has-medium-font-size wp-elements-bbdf086d513ac6be8a40dfca7a45ef26\" style=\"margin-top:0px\">Sonia Rend\u00f3n<\/h2>\n\n\n\n<p class=\"has-text-align-center has-text-color has-link-color wp-elements-1977f9a95ffd9d1b839effeaf4d1f075\" style=\"color:#000000a8;margin-bottom:30px\">\u00abDe cierto os digo que en cuanto lo hicisteis a uno de estos mis hermanos m\u00e1s peque\u00f1os, a m\u00ed lo hicisteis\u00bb <\/p>\n\n\n\n<p class=\"has-text-align-center has-text-color has-link-color wp-elements-1dbc7a543b997db67e81240457539825\" style=\"color:#000000a8;margin-bottom:30px\">&#8211; Mateo 25:40<\/p>\n<\/div>\n\n\n\n<div class=\"wp-block-column has-border-color is-layout-flow wp-block-column-is-layout-flow\" style=\"border-color:#0000001f;border-style:solid;border-width:2px;border-radius:20px;padding-top:30px;padding-right:30px;padding-bottom:30px;padding-left:30px\">\n<div class=\"wp-block-group is-content-justification-center is-nowrap is-layout-flex wp-container-core-group-is-layout-faecc223 wp-block-group-is-layout-flex\" style=\"margin-bottom:50px\">\n<figure class=\"wp-block-image size-full is-resized has-custom-border\"><img loading=\"lazy\" decoding=\"async\" width=\"2048\" height=\"2048\" src=\"https:\/\/fundacionnuevomundo.org.ec\/wp-content\/uploads\/2025\/07\/9fe75512-a34b-4f3f-a1c0-fbfc2bd571bb.jpg\" alt=\"\" class=\"wp-image-100\" style=\"border-radius:100%;width:150px\" srcset=\"https:\/\/fundacionnuevomundo.org.ec\/wp-content\/uploads\/2025\/07\/9fe75512-a34b-4f3f-a1c0-fbfc2bd571bb.jpg 2048w, https:\/\/fundacionnuevomundo.org.ec\/wp-content\/uploads\/2025\/07\/9fe75512-a34b-4f3f-a1c0-fbfc2bd571bb-300x300.jpg 300w, https:\/\/fundacionnuevomundo.org.ec\/wp-content\/uploads\/2025\/07\/9fe75512-a34b-4f3f-a1c0-fbfc2bd571bb-100x100.jpg 100w, https:\/\/fundacionnuevomundo.org.ec\/wp-content\/uploads\/2025\/07\/9fe75512-a34b-4f3f-a1c0-fbfc2bd571bb-600x600.jpg 600w, https:\/\/fundacionnuevomundo.org.ec\/wp-content\/uploads\/2025\/07\/9fe75512-a34b-4f3f-a1c0-fbfc2bd571bb-500x500.jpg 500w, https:\/\/fundacionnuevomundo.org.ec\/wp-content\/uploads\/2025\/07\/9fe75512-a34b-4f3f-a1c0-fbfc2bd571bb-1024x1024.jpg 1024w, https:\/\/fundacionnuevomundo.org.ec\/wp-content\/uploads\/2025\/07\/9fe75512-a34b-4f3f-a1c0-fbfc2bd571bb-150x150.jpg 150w, https:\/\/fundacionnuevomundo.org.ec\/wp-content\/uploads\/2025\/07\/9fe75512-a34b-4f3f-a1c0-fbfc2bd571bb-768x768.jpg 768w, https:\/\/fundacionnuevomundo.org.ec\/wp-content\/uploads\/2025\/07\/9fe75512-a34b-4f3f-a1c0-fbfc2bd571bb-1536x1536.jpg 1536w\" sizes=\"auto, (max-width: 2048px) 100vw, 2048px\" \/><\/figure>\n<\/div>\n\n\n\n<h2 class=\"wp-block-heading has-text-align-center has-black-color has-text-color has-link-color has-medium-font-size wp-elements-381c82c3fd479c44416d2f0b0384f007\" style=\"margin-top:0px\">Patricia Mcteague<\/h2>\n\n\n\n<p class=\"has-text-align-center has-text-color has-link-color wp-elements-85d7d2ebf51c02960dd3ab4e81a589b2\" style=\"color:#000000a8;margin-bottom:30px\">Mi llegada a Ecuador no fue accidente. Enseguida logre ver que mi misi\u00f3n era, no solo ense\u00f1ar a quien no tenia medios econ\u00f3micos, pero tambien a aquellos que seguir\u00edan un buen ejemplo en el servir a los dem\u00e1s.<\/p>\n\n\n\n<p class=\"has-text-align-center has-text-color has-link-color wp-elements-09010de71727d919fe0c58579f9f1fae\" style=\"color:#000000a8;margin-bottom:30px\"><\/p>\n<\/div>\n<\/div>\n\n\n\n<h2 class=\"wp-block-heading\"><em>Hoy, celebramos su dedicaci\u00f3n y legado. La fundaci\u00f3n continuar\u00e1 su misi\u00f3n, inspirando a generaciones futuras a so\u00f1ar en grande y alcanzar su m\u00e1ximo potencial a trav\u00e9s de la educaci\u00f3n.<\/em><\/h2>\n\n\n\n<h2 class=\"wp-block-heading\">Contexto Actual<\/h2>\n\n\n\n<div class=\"wp-block-columns is-layout-flex wp-container-core-columns-is-layout-28f84493 wp-block-columns-is-layout-flex\">\n<div class=\"wp-block-column is-layout-flow wp-block-column-is-layout-flow\" style=\"flex-basis:33.33%\">\n<figure class=\"wp-block-image size-large\"><img loading=\"lazy\" decoding=\"async\" width=\"1024\" height=\"683\" src=\"https:\/\/fundacionnuevomundo.org.ec\/wp-content\/uploads\/2025\/06\/IMG_3662-1024x683.jpg\" alt=\"\" class=\"wp-image-44\" srcset=\"https:\/\/fundacionnuevomundo.org.ec\/wp-content\/uploads\/2025\/06\/IMG_3662-1024x683.jpg 1024w, https:\/\/fundacionnuevomundo.org.ec\/wp-content\/uploads\/2025\/06\/IMG_3662-600x400.jpg 600w, https:\/\/fundacionnuevomundo.org.ec\/wp-content\/uploads\/2025\/06\/IMG_3662-300x200.jpg 300w, https:\/\/fundacionnuevomundo.org.ec\/wp-content\/uploads\/2025\/06\/IMG_3662-768x512.jpg 768w, https:\/\/fundacionnuevomundo.org.ec\/wp-content\/uploads\/2025\/06\/IMG_3662-1536x1024.jpg 1536w, https:\/\/fundacionnuevomundo.org.ec\/wp-content\/uploads\/2025\/06\/IMG_3662.jpg 2048w\" sizes=\"auto, (max-width: 1024px) 100vw, 1024px\" \/><\/figure>\n<\/div>\n\n\n\n<div class=\"wp-block-column is-layout-flow wp-block-column-is-layout-flow\" style=\"flex-basis:66.66%\">\n<blockquote class=\"wp-block-quote is-layout-flow wp-block-quote-is-layout-flow\">\n<p>Hace m\u00e1s de dos a\u00f1os, Fundaci\u00f3n Nuevo Mundo reinici\u00f3 su labor activa en la comunidad de Buijo Hist\u00f3rico, implementando programas de desarrollo socio-emocional, escolar y vacacionales. <\/p>\n\n\n\n<p>Actualmente, atendemos a m\u00e1s de <strong>70 ni\u00f1os<\/strong> promoviendo su valores humanos, cristianos y crecimiento acad\u00e9mico. Este trabajo constante nos ha permitido generar un impacto positivo en sus vidas y fortalecer el v\u00ednculo con las familias del sector, reafirmando nuestro compromiso con una educaci\u00f3n de calidad para todos.<\/p>\n<\/blockquote>\n\n\n\n<div class=\"wp-block-buttons is-layout-flex wp-block-buttons-is-layout-flex\">\n<div class=\"wp-block-button\"><a class=\"wp-block-button__link wp-element-button\" href=\"https:\/\/fundacionnuevomundo.org.ec\/index.php\/programas\/\">Programas<\/a><\/div>\n<\/div>\n<\/div>\n<\/div>\n<\/div>\n\n\n\n<p><\/p>\n","protected":false},"excerpt":{"rendered":"<p>Fundadoras en 1985 M\u00e1s de 41 a\u00f1os de historia Transformar vidas a trav\u00e9s de la educaci\u00f3n Hace m\u00e1s de 41 a\u00f1os, en 1985,&nbsp;Celeste Blacio de Rend\u00f3n, Sonia Rend\u00f3n y Patricia McTeague&nbsp;fundaron la organizaci\u00f3n sin fines de lucro&nbsp;\u00abFundaci\u00f3n Nuevo Mundo\u00bb&nbsp;con un prop\u00f3sito claro: transformar vidas a trav\u00e9s de la educaci\u00f3n. Desde entonces, han centrado sus esfuerzos [&hellip;]<\/p>\n","protected":false},"author":1,"featured_media":0,"parent":0,"menu_order":0,"comment_status":"closed","ping_status":"closed","template":"","meta":{"footnotes":""},"class_list":["post-46","page","type-page","status-publish","hentry"],"blocksy_meta":[],"jetpack_sharing_enabled":true,"_links":{"self":[{"href":"https:\/\/fundacionnuevomundo.org.ec\/index.php\/wp-json\/wp\/v2\/pages\/46","targetHints":{"allow":["GET"]}}],"collection":[{"href":"https:\/\/fundacionnuevomundo.org.ec\/index.php\/wp-json\/wp\/v2\/pages"}],"about":[{"href":"https:\/\/fundacionnuevomundo.org.ec\/index.php\/wp-json\/wp\/v2\/types\/page"}],"author":[{"embeddable":true,"href":"https:\/\/fundacionnuevomundo.org.ec\/index.php\/wp-json\/wp\/v2\/users\/1"}],"replies":[{"embeddable":true,"href":"https:\/\/fundacionnuevomundo.org.ec\/index.php\/wp-json\/wp\/v2\/comments?post=46"}],"version-history":[{"count":7,"href":"https:\/\/fundacionnuevomundo.org.ec\/index.php\/wp-json\/wp\/v2\/pages\/46\/revisions"}],"predecessor-version":[{"id":102,"href":"https:\/\/fundacionnuevomundo.org.ec\/index.php\/wp-json\/wp\/v2\/pages\/46\/revisions\/102"}],"wp:attachment":[{"href":"https:\/\/fundacionnuevomundo.org.ec\/index.php\/wp-json\/wp\/v2\/media?parent=46"}],"curies":[{"name":"wp","href":"https:\/\/api.w.org\/{rel}","templated":true}]}}