{"id":34,"date":"2025-06-19T16:16:50","date_gmt":"2025-06-19T16:16:50","guid":{"rendered":"https:\/\/fundacionnuevomundo.org.ec\/?page_id=34"},"modified":"2025-08-15T19:39:51","modified_gmt":"2025-08-15T19:39:51","slug":"34-2","status":"publish","type":"page","link":"https:\/\/fundacionnuevomundo.org.ec\/index.php\/34-2\/","title":{"rendered":"Donaciones"},"content":{"rendered":"\n<div class=\"wp-block-group alignfull has-white-background-color has-background is-layout-constrained wp-block-group-is-layout-constrained\" style=\"padding-top:7rem;padding-bottom:7rem\">\n<p class=\"has-text-align-center has-black-color has-text-color has-link-color wp-elements-a8a5199b557b703c2291f2592d1cc8b5\" style=\"margin-bottom:20px;font-style:normal;font-weight:500\">Fundaci\u00f3n Nuevo Mundo<\/p>\n\n\n\n<h1 class=\"wp-block-heading has-text-align-center has-black-color has-text-color has-link-color has-xx-large-font-size wp-elements-4986176c14a54b73ac2d9cab53c4e8ef\" style=\"margin-top:0;font-style:normal;font-weight:800;line-height:1.2\">\u00bfC\u00f3mo Ayudar?<\/h1>\n\n\n<div data-block-name=\"woocommerce\/cart-link\" class=\"wp-block-woocommerce-cart-link\"><a class=\"wc-block-cart-link\" href=\"https:\/\/fundacionnuevomundo.org.ec\/index.php\/carrito\/\"><svg xmlns=\"http:\/\/www.w3.org\/2000\/svg\" fill=\"currentColor\" class=\"wc-block-mini-cart__icon\" viewBox=\"0 0 32 32\"><circle cx=\"12.667\" cy=\"24.667\" r=\"2\"\/><circle cx=\"23.333\" cy=\"24.667\" r=\"2\"\/><path fill-rule=\"evenodd\" d=\"M9.285 10.036a1 1 0 0 1 .776-.37h15.272a1 1 0 0 1 .99 1.142l-1.333 9.333A1 1 0 0 1 24 21H12a1 1 0 0 1-.98-.797L9.083 10.87a1 1 0 0 1 .203-.834m2.005 1.63L12.814 19h10.319l1.047-7.333z\" clip-rule=\"evenodd\"\/><path fill-rule=\"evenodd\" d=\"M5.667 6.667a1 1 0 0 1 1-1h2.666a1 1 0 0 1 .984.82l.727 4a1 1 0 1 1-1.967.359l-.578-3.18H6.667a1 1 0 0 1-1-1\" clip-rule=\"evenodd\"\/><\/svg><span class=\"wc-block-cart-link__text\">Carrito<\/span><\/a><\/div>\n\n\n<div class=\"wp-block-columns is-layout-flex wp-container-core-columns-is-layout-643ced6b wp-block-columns-is-layout-flex\">\n<div class=\"wp-block-column has-border-color is-layout-flow wp-block-column-is-layout-flow\" style=\"border-color:#0000001f;border-style:solid;border-width:1px;border-radius:20px;padding-top:var(--wp--preset--spacing--70);padding-right:var(--wp--preset--spacing--70);padding-bottom:var(--wp--preset--spacing--70);padding-left:var(--wp--preset--spacing--70)\">\n<h2 class=\"wp-block-heading has-text-align-center has-black-color has-text-color has-link-color wp-elements-87ae3eaf99c8148c08ff4e7235da2e6d\" style=\"margin-bottom:20px;font-size:clamp(16.293px, 1.018rem + ((1vw - 3.2px) * 0.68), 25px);\">Beca Anual<\/h2>\n\n\n\n<p class=\"has-text-align-center has-black-color has-text-color has-link-color has-xx-large-font-size wp-elements-c00a12caa2d6cc341886b1a9ba8d024f\" style=\"margin-bottom:20px;font-style:normal;font-weight:800;line-height:1\">$600<\/p>\n\n\n\n<p class=\"has-text-align-center has-black-color has-text-color has-link-color wp-elements-38c59f11ee315bc202bed17ed594223f\" style=\"border-bottom-color:#0000001f;border-bottom-style:solid;border-bottom-width:1px;margin-bottom:50px;padding-bottom:50px\">Subscripci\u00f3n Anual<\/p>\n\n\n\n<ul style=\"margin-bottom:50px\" class=\"wp-block-list has-black-color has-text-color has-link-color wp-elements-4f52e5529fbc3493524e69ae1db72106\">\n<li>Apadrina una beca anual a un ni\u00f1o del Buijo Hist\u00f3rico, lo que le permitir\u00e1 continuar su desarrollo de habilidades.<\/li>\n\n\n\n<li>Tu apoyo directo puede cambiar la vida de un estudiante y contribuir a su desarrollo personal y acad\u00e9mico.<\/li>\n<\/ul>\n\n\n\n<div class=\"wp-block-buttons is-layout-flex wp-block-buttons-is-layout-flex\" style=\"margin-bottom:40px\">\n<div class=\"wp-block-button has-custom-width wp-block-button__width-100\"><a class=\"wp-block-button__link has-custom-font-size wp-element-button\" href=\"https:\/\/fundacionnuevomundo.org.ec\/index.php\/producto\/beca-anual\/\" style=\"border-radius:8px;padding-top:15px;padding-bottom:15px;font-size:clamp(14px, 0.875rem + ((1vw - 3.2px) * 0.313), 18px);font-style:normal;font-weight:600\">Beca Anual<\/a><\/div>\n<\/div>\n\n\n\n<p class=\"has-text-align-center has-black-color has-text-color has-link-color wp-elements-31ef8a46bf82daa30dab4b6adf99fd54\"><\/p>\n<\/div>\n\n\n\n<div class=\"wp-block-column has-background is-layout-flow wp-block-column-is-layout-flow\" style=\"border-radius:20px;background-color:#f1f1f1;padding-top:var(--wp--preset--spacing--70);padding-right:var(--wp--preset--spacing--70);padding-bottom:var(--wp--preset--spacing--70);padding-left:var(--wp--preset--spacing--70)\">\n<h2 class=\"wp-block-heading has-text-align-center has-black-color has-text-color has-link-color wp-elements-b4c3de2261a85c965b26563c432009a2\" style=\"margin-bottom:20px;font-size:clamp(16.293px, 1.018rem + ((1vw - 3.2px) * 0.68), 25px);\">Donaci\u00f3n<\/h2>\n\n\n\n<p class=\"has-text-align-center has-black-color has-text-color has-link-color has-xx-large-font-size wp-elements-c696ee103c4e50cbff90ed06f224ee43\" style=\"margin-bottom:20px;font-style:normal;font-weight:800;line-height:1\">$1000<\/p>\n\n\n\n<p class=\"has-text-align-center has-black-color has-text-color has-link-color wp-elements-96c5eb82d5bfe2298c1f03c0150da1af\" style=\"border-bottom-color:#0000001f;border-bottom-style:solid;border-bottom-width:1px;margin-bottom:50px;padding-bottom:50px\">Donaci\u00f3n \u00fanica<\/p>\n\n\n\n<ul style=\"margin-bottom:50px\" class=\"wp-block-list has-black-color has-text-color has-link-color wp-elements-e0b5cf61238580e146b43aaa294934aa\">\n<li>Una inversi\u00f3n significativa para el actual centro de desarrollo socio-emocional en Buijo Hist\u00f3rico.<\/li>\n\n\n\n<li>Esta contribuci\u00f3n ayudar\u00e1 a financiar programas educativos de refuerzo escolar, recursos y actividades.<\/li>\n<\/ul>\n\n\n\n<div class=\"wp-block-buttons is-layout-flex wp-block-buttons-is-layout-flex\" style=\"margin-bottom:40px\">\n<div class=\"wp-block-button has-custom-width wp-block-button__width-100\"><a class=\"wp-block-button__link has-custom-font-size wp-element-button\" href=\"https:\/\/fundacionnuevomundo.org.ec\/index.php\/producto\/donacion-unica\/\" style=\"border-radius:8px;padding-top:15px;padding-bottom:15px;font-size:clamp(14px, 0.875rem + ((1vw - 3.2px) * 0.313), 18px);font-style:normal;font-weight:600\">Donaci\u00f3n \u00danica<\/a><\/div>\n<\/div>\n\n\n\n<p class=\"has-text-align-center has-black-color has-text-color has-link-color wp-elements-31ef8a46bf82daa30dab4b6adf99fd54\"><\/p>\n<\/div>\n\n\n\n<div class=\"wp-block-column has-border-color is-layout-flow wp-block-column-is-layout-flow\" style=\"border-color:#0000001f;border-style:solid;border-width:1px;border-radius:20px;padding-top:var(--wp--preset--spacing--70);padding-right:var(--wp--preset--spacing--70);padding-bottom:var(--wp--preset--spacing--70);padding-left:var(--wp--preset--spacing--70)\">\n<h2 class=\"wp-block-heading has-text-align-center has-black-color has-text-color has-link-color wp-elements-f4e66f6de2bdc60e6b7df542ac88ac16\" style=\"margin-bottom:20px;font-size:clamp(16.293px, 1.018rem + ((1vw - 3.2px) * 0.68), 25px);\">Compromiso Corporativo<\/h2>\n\n\n\n<p class=\"has-text-align-center has-black-color has-text-color has-link-color has-xx-large-font-size wp-elements-ef19252d9f08f2898e11aa9705d4389d\" style=\"margin-bottom:20px;font-style:normal;font-weight:800;line-height:1\">$100<\/p>\n\n\n\n<p class=\"has-text-align-center has-black-color has-text-color has-link-color wp-elements-7746605dbc50073e9aebf39b01ebabdc\" style=\"border-bottom-color:#0000001f;border-bottom-style:solid;border-bottom-width:1px;margin-bottom:50px;padding-bottom:50px\">Subscripci\u00f3n Menusal<\/p>\n\n\n\n<ul style=\"margin-bottom:50px\" class=\"wp-block-list has-black-color has-text-color has-link-color wp-elements-31f7fe14a58b818bed09436150c82003\">\n<li>Durante un a\u00f1o, te conviertes en un pilar de apoyo continuo para la educaci\u00f3n de los ni\u00f1os Buijo Hist\u00f3rico.<\/li>\n\n\n\n<li>Tu compromiso mensual permitir\u00e1 a la Fundaci\u00f3n Nuevo Mundo planificar y ejecutar proyectos a largo plazo.<\/li>\n<\/ul>\n\n\n\n<div class=\"wp-block-buttons is-layout-flex wp-block-buttons-is-layout-flex\" style=\"margin-bottom:40px\">\n<div class=\"wp-block-button has-custom-width wp-block-button__width-100\"><a class=\"wp-block-button__link has-custom-font-size wp-element-button\" href=\"https:\/\/fundacionnuevomundo.org.ec\/index.php\/producto\/compromiso-corporativo\/\" style=\"border-radius:8px;padding-top:15px;padding-bottom:15px;font-size:clamp(14px, 0.875rem + ((1vw - 3.2px) * 0.313), 18px);font-style:normal;font-weight:600\">Compromiso Corporativo<\/a><\/div>\n<\/div>\n\n\n\n<p class=\"has-text-align-center has-black-color has-text-color has-link-color wp-elements-31ef8a46bf82daa30dab4b6adf99fd54\"><\/p>\n<\/div>\n<\/div>\n\n\n\n<div class=\"wp-block-group alignwide is-layout-constrained wp-container-core-group-is-layout-7c37d1e3 wp-block-group-is-layout-constrained\" style=\"margin-top:0px;margin-bottom:80px;padding-top:0;padding-right:var(--wp--preset--spacing--30);padding-bottom:0;padding-left:var(--wp--preset--spacing--30)\"><div class=\"wp-block-jetpack-contact-form\"><a href=\"https:\/\/fundacionnuevomundo.org.ec\/index.php\/34-2\/\" target=\"_blank\" rel=\"noopener noreferrer\">Env\u00eda un formulario.<\/a><\/div><\/div>\n<\/div>\n\n\n\n<p><\/p>\n","protected":false},"excerpt":{"rendered":"<p>Fundaci\u00f3n Nuevo Mundo \u00bfC\u00f3mo Ayudar? Beca Anual $600 Subscripci\u00f3n Anual Donaci\u00f3n $1000 Donaci\u00f3n \u00fanica Compromiso Corporativo $100 Subscripci\u00f3n Menusal<\/p>\n","protected":false},"author":1,"featured_media":0,"parent":0,"menu_order":0,"comment_status":"closed","ping_status":"closed","template":"","meta":{"footnotes":""},"class_list":["post-34","page","type-page","status-publish","hentry"],"blocksy_meta":[],"jetpack_sharing_enabled":true,"_links":{"self":[{"href":"https:\/\/fundacionnuevomundo.org.ec\/index.php\/wp-json\/wp\/v2\/pages\/34","targetHints":{"allow":["GET"]}}],"collection":[{"href":"https:\/\/fundacionnuevomundo.org.ec\/index.php\/wp-json\/wp\/v2\/pages"}],"about":[{"href":"https:\/\/fundacionnuevomundo.org.ec\/index.php\/wp-json\/wp\/v2\/types\/page"}],"author":[{"embeddable":true,"href":"https:\/\/fundacionnuevomundo.org.ec\/index.php\/wp-json\/wp\/v2\/users\/1"}],"replies":[{"embeddable":true,"href":"https:\/\/fundacionnuevomundo.org.ec\/index.php\/wp-json\/wp\/v2\/comments?post=34"}],"version-history":[{"count":11,"href":"https:\/\/fundacionnuevomundo.org.ec\/index.php\/wp-json\/wp\/v2\/pages\/34\/revisions"}],"predecessor-version":[{"id":230,"href":"https:\/\/fundacionnuevomundo.org.ec\/index.php\/wp-json\/wp\/v2\/pages\/34\/revisions\/230"}],"wp:attachment":[{"href":"https:\/\/fundacionnuevomundo.org.ec\/index.php\/wp-json\/wp\/v2\/media?parent=34"}],"curies":[{"name":"wp","href":"https:\/\/api.w.org\/{rel}","templated":true}]}}