{"id":28,"date":"2025-06-19T16:02:10","date_gmt":"2025-06-19T16:02:10","guid":{"rendered":"https:\/\/fundacionnuevomundo.org.ec\/?page_id=28"},"modified":"2025-11-09T12:22:46","modified_gmt":"2025-11-09T12:22:46","slug":"28-2","status":"publish","type":"page","link":"https:\/\/fundacionnuevomundo.org.ec\/","title":{"rendered":"Inicio"},"content":{"rendered":"\n<div class=\"wp-block-group alignfull has-white-background-color has-background is-layout-constrained wp-block-group-is-layout-constrained\" style=\"padding-top:7rem;padding-bottom:7rem\">\n<div class=\"wp-block-cover aligncenter has-aspect-ratio\" style=\"border-radius:20px;padding-top:7rem;padding-right:50px;padding-bottom:7rem;padding-left:50px;aspect-ratio:auto;min-height:unset;\"><img loading=\"lazy\" decoding=\"async\" width=\"1024\" height=\"576\" class=\"wp-block-cover__image-background wp-image-29 size-large\" alt=\"\" src=\"https:\/\/fundacionnuevomundo.org.ec\/wp-content\/uploads\/2025\/06\/23102024_1-1024x576.png\" data-object-fit=\"cover\" srcset=\"https:\/\/fundacionnuevomundo.org.ec\/wp-content\/uploads\/2025\/06\/23102024_1-1024x576.png 1024w, https:\/\/fundacionnuevomundo.org.ec\/wp-content\/uploads\/2025\/06\/23102024_1-600x338.png 600w, https:\/\/fundacionnuevomundo.org.ec\/wp-content\/uploads\/2025\/06\/23102024_1-300x169.png 300w, https:\/\/fundacionnuevomundo.org.ec\/wp-content\/uploads\/2025\/06\/23102024_1-768x432.png 768w, https:\/\/fundacionnuevomundo.org.ec\/wp-content\/uploads\/2025\/06\/23102024_1-1536x864.png 1536w, https:\/\/fundacionnuevomundo.org.ec\/wp-content\/uploads\/2025\/06\/23102024_1.png 1920w\" sizes=\"auto, (max-width: 1024px) 100vw, 1024px\" \/><span aria-hidden=\"true\" class=\"wp-block-cover__background has-background-dim-100 has-background-dim wp-block-cover__gradient-background has-background-gradient\" style=\"background:linear-gradient(0deg,rgb(0,0,0) 12%,rgba(0,0,0,0.15) 100%)\"><\/span><div class=\"wp-block-cover__inner-container is-layout-constrained wp-container-core-cover-is-layout-c4bc75b0 wp-block-cover-is-layout-constrained\">\n<h3 class=\"wp-block-heading has-text-align-center has-white-color has-text-color has-link-color has-xx-large-font-size wp-elements-4e306c250fdf3a1dcaf75b2765d6d491\" style=\"margin-top:0;margin-bottom:20px;font-style:normal;font-weight:800;line-height:1.2\">Creamos un Nuevo Mundo<\/h3>\n\n\n\n<p class=\"has-text-align-center has-text-color has-link-color has-medium-font-size wp-elements-dd3d44b750eb7f15a368a1b0490ae727\" style=\"color:#ffffffc4;margin-bottom:50px\">Fundaci\u00f3n Nuevo Mundo es una organizaci\u00f3n sin fines de lucro que apoya el desarrollo socioemocional y educativo de ni\u00f1os en sectores vulnerables del Ecuador.<\/p>\n\n\n\n<div class=\"wp-block-buttons is-content-justification-center is-layout-flex wp-container-core-buttons-is-layout-241c0bc1 wp-block-buttons-is-layout-flex\">\n<div class=\"wp-block-button\"><a class=\"wp-block-button__link has-black-color has-white-background-color has-text-color has-background has-link-color has-custom-font-size wp-element-button\" href=\"https:\/\/fundacionnuevomundo.org.ec\/index.php\/programas\/\" style=\"border-radius:8px;padding-top:15px;padding-right:25px;padding-bottom:15px;padding-left:25px;font-size:clamp(14px, 0.875rem + ((1vw - 3.2px) * 0.313), 18px);font-style:normal;font-weight:600\">Nuestros Programas<\/a><\/div>\n\n\n\n<div class=\"wp-block-button is-style-outline is-style-outline--1\"><a class=\"wp-block-button__link has-white-color has-text-color has-background has-link-color has-border-color has-white-border-color has-custom-font-size wp-element-button\" href=\"https:\/\/fundacionnuevomundo.org.ec\/index.php\/34-2\/\" style=\"border-width:2px;border-radius:8px;background-color:#ffffff00;padding-top:13px;padding-right:25px;padding-bottom:13px;padding-left:25px;font-size:clamp(14px, 0.875rem + ((1vw - 3.2px) * 0.313), 18px);font-style:normal;font-weight:600\">\u00bfC\u00f3mo Ayudar?<\/a><\/div>\n<\/div>\n<\/div><\/div>\n\n\n\n<div class=\"wp-block-cover alignfull is-light\" style=\"min-height:353px;aspect-ratio:unset;\"><span aria-hidden=\"true\" class=\"wp-block-cover__background has-background-dim-100 has-background-dim\" style=\"background-color:#ffffff\"><\/span><div class=\"wp-block-cover__inner-container is-layout-flow wp-block-cover-is-layout-flow\">\n<div class=\"wp-block-media-text is-stacked-on-mobile is-vertically-aligned-center is-image-fill-element\" style=\"grid-template-columns:49% auto\"><figure class=\"wp-block-media-text__media\"><img loading=\"lazy\" decoding=\"async\" width=\"1024\" height=\"683\" src=\"https:\/\/fundacionnuevomundo.org.ec\/wp-content\/uploads\/2025\/06\/DSC_0090-1024x683.jpg\" alt=\"\" class=\"wp-image-31 size-full\" style=\"object-position:50% 50%\" srcset=\"https:\/\/fundacionnuevomundo.org.ec\/wp-content\/uploads\/2025\/06\/DSC_0090-1024x683.jpg 1024w, https:\/\/fundacionnuevomundo.org.ec\/wp-content\/uploads\/2025\/06\/DSC_0090-600x400.jpg 600w, https:\/\/fundacionnuevomundo.org.ec\/wp-content\/uploads\/2025\/06\/DSC_0090-300x200.jpg 300w, https:\/\/fundacionnuevomundo.org.ec\/wp-content\/uploads\/2025\/06\/DSC_0090-768x512.jpg 768w, https:\/\/fundacionnuevomundo.org.ec\/wp-content\/uploads\/2025\/06\/DSC_0090-1536x1024.jpg 1536w, https:\/\/fundacionnuevomundo.org.ec\/wp-content\/uploads\/2025\/06\/DSC_0090.jpg 2048w\" sizes=\"auto, (max-width: 1024px) 100vw, 1024px\" \/><\/figure><div class=\"wp-block-media-text__content\">\n<h2 class=\"wp-block-heading has-text-color\" style=\"color:#000000;font-size:clamp(20px, 1.25rem + ((1vw - 3.2px) * 0.938), 32px);\">Buijo Hist\u00f3rico<\/h2>\n\n\n\n<p class=\"has-text-color\" style=\"color:#000000;font-size:clamp(14px, 0.875rem + ((1vw - 3.2px) * 0.234), 17px);\">Hace m\u00e1s de dos a\u00f1os, Fundaci\u00f3n Nuevo Mundo reinici\u00f3 su labor activa en la comunidad de Buijo Hist\u00f3rico, implementando programas de desarrollo socio-emocional, escolar y vacacionales. <\/p>\n\n\n\n<div class=\"wp-block-buttons is-layout-flex wp-block-buttons-is-layout-flex\">\n<div class=\"wp-block-button is-style-fill\"><a class=\"wp-block-button__link wp-element-button\" href=\"https:\/\/fundacionnuevomundo.org.ec\/index.php\/novedades\/\">Novedades<\/a><\/div>\n<\/div>\n<\/div><\/div>\n<\/div><\/div>\n\n\n\n<div class=\"wp-block-group alignwide has-white-background-color has-background is-layout-constrained wp-block-group-is-layout-constrained\" style=\"padding-top:7rem;padding-bottom:7rem\">\n<div class=\"wp-block-columns is-layout-flex wp-container-core-columns-is-layout-643ced6b wp-block-columns-is-layout-flex\">\n<div class=\"wp-block-column is-layout-flow wp-block-column-is-layout-flow\">\n<div class=\"wp-block-cover is-light has-custom-content-position is-position-bottom-center\" style=\"border-radius:20px;padding-top:30px;padding-right:30px;padding-bottom:30px;padding-left:30px;min-height:632px;aspect-ratio:unset;\"><img loading=\"lazy\" decoding=\"async\" width=\"1024\" height=\"683\" class=\"wp-block-cover__image-background wp-image-126 size-large\" alt=\"\" src=\"https:\/\/fundacionnuevomundo.org.ec\/wp-content\/uploads\/2025\/07\/IMG_3595-1024x683.jpg\" data-object-fit=\"cover\" srcset=\"https:\/\/fundacionnuevomundo.org.ec\/wp-content\/uploads\/2025\/07\/IMG_3595-1024x683.jpg 1024w, https:\/\/fundacionnuevomundo.org.ec\/wp-content\/uploads\/2025\/07\/IMG_3595-600x400.jpg 600w, https:\/\/fundacionnuevomundo.org.ec\/wp-content\/uploads\/2025\/07\/IMG_3595-300x200.jpg 300w, https:\/\/fundacionnuevomundo.org.ec\/wp-content\/uploads\/2025\/07\/IMG_3595-768x512.jpg 768w, https:\/\/fundacionnuevomundo.org.ec\/wp-content\/uploads\/2025\/07\/IMG_3595-1536x1024.jpg 1536w, https:\/\/fundacionnuevomundo.org.ec\/wp-content\/uploads\/2025\/07\/IMG_3595.jpg 2048w\" sizes=\"auto, (max-width: 1024px) 100vw, 1024px\" \/><span aria-hidden=\"true\" class=\"wp-block-cover__background has-background-dim-0 has-background-dim\"><\/span><div class=\"wp-block-cover__inner-container is-layout-constrained wp-container-core-cover-is-layout-edcd9cee wp-block-cover-is-layout-constrained\">\n<div class=\"wp-block-group has-white-background-color has-background is-layout-constrained wp-container-core-group-is-layout-edcd9cee wp-block-group-is-layout-constrained\" style=\"border-radius:10px;padding-top:30px;padding-right:30px;padding-bottom:30px;padding-left:30px\">\n<h2 class=\"wp-block-heading has-black-color has-text-color has-link-color has-medium-font-size wp-elements-8c13804ee87a8304616dc43d52ac0f95\" style=\"margin-top:0\">41 a\u00f1os de historia<\/h2>\n\n\n\n<p class=\"has-text-color has-link-color wp-elements-32e4c8cfbf21f87d2ff7675237c89c06\" style=\"color:#000000a8;margin-bottom:30px\">Conoce nuestra historia, misi\u00f3n y los valores que gu\u00edan nuestro compromiso con la educaci\u00f3n.<\/p>\n\n\n\n<p><a href=\"https:\/\/fundacionnuevomundo.org.ec\/index.php\/historia\/\" data-type=\"page\" data-id=\"46\">Descubre m\u00e1s de nosotros\u2192<\/a><\/p>\n<\/div>\n<\/div><\/div>\n<\/div>\n\n\n\n<div class=\"wp-block-column is-layout-flow wp-block-column-is-layout-flow\">\n<div class=\"wp-block-cover is-light has-custom-content-position is-position-bottom-center\" style=\"border-radius:20px;padding-top:30px;padding-right:30px;padding-bottom:30px;padding-left:30px;min-height:632px;aspect-ratio:unset;\"><img loading=\"lazy\" decoding=\"async\" width=\"1024\" height=\"1024\" class=\"wp-block-cover__image-background wp-image-59 size-large\" alt=\"\" src=\"https:\/\/fundacionnuevomundo.org.ec\/wp-content\/uploads\/2025\/06\/DSC_0582-2-1024x1024.jpg\" data-object-fit=\"cover\" srcset=\"https:\/\/fundacionnuevomundo.org.ec\/wp-content\/uploads\/2025\/06\/DSC_0582-2-1024x1024.jpg 1024w, https:\/\/fundacionnuevomundo.org.ec\/wp-content\/uploads\/2025\/06\/DSC_0582-2-300x300.jpg 300w, https:\/\/fundacionnuevomundo.org.ec\/wp-content\/uploads\/2025\/06\/DSC_0582-2-100x100.jpg 100w, https:\/\/fundacionnuevomundo.org.ec\/wp-content\/uploads\/2025\/06\/DSC_0582-2-600x600.jpg 600w, https:\/\/fundacionnuevomundo.org.ec\/wp-content\/uploads\/2025\/06\/DSC_0582-2-500x500.jpg 500w, https:\/\/fundacionnuevomundo.org.ec\/wp-content\/uploads\/2025\/06\/DSC_0582-2-150x150.jpg 150w, https:\/\/fundacionnuevomundo.org.ec\/wp-content\/uploads\/2025\/06\/DSC_0582-2-768x768.jpg 768w, https:\/\/fundacionnuevomundo.org.ec\/wp-content\/uploads\/2025\/06\/DSC_0582-2-1536x1536.jpg 1536w, https:\/\/fundacionnuevomundo.org.ec\/wp-content\/uploads\/2025\/06\/DSC_0582-2.jpg 2048w\" sizes=\"auto, (max-width: 1024px) 100vw, 1024px\" \/><span aria-hidden=\"true\" class=\"wp-block-cover__background has-background-dim-0 has-background-dim\"><\/span><div class=\"wp-block-cover__inner-container is-layout-constrained wp-container-core-cover-is-layout-edcd9cee wp-block-cover-is-layout-constrained\">\n<div class=\"wp-block-group has-white-background-color has-background is-layout-constrained wp-container-core-group-is-layout-edcd9cee wp-block-group-is-layout-constrained\" style=\"border-radius:10px;padding-top:30px;padding-right:30px;padding-bottom:30px;padding-left:30px\">\n<h2 class=\"wp-block-heading has-black-color has-text-color has-link-color has-medium-font-size wp-elements-eb78dfef0ddcf841216dd730fb3e14b0\" style=\"margin-top:0\">Donaciones<\/h2>\n\n\n\n<p class=\"has-text-color has-link-color wp-elements-060ae607f2ae3867216dbd5d542a2522\" style=\"color:#000000a8;margin-bottom:30px\">Tu apoyo nos permite ofrecer recursos, educaci\u00f3n y oportunidades de cambio a quien m\u00e1s lo necesita. <\/p>\n\n\n\n<p><a href=\"https:\/\/fundacionnuevomundo.org.ec\/index.php\/34-2\/\" data-type=\"page\" data-id=\"34\">\u00a1\u00danete a nosotros y transformaa vidas hoy!\u2192<\/a><\/p>\n<\/div>\n<\/div><\/div>\n<\/div>\n<\/div>\n<\/div>\n<\/div>\n\n\n\n<p><\/p>\n","protected":false},"excerpt":{"rendered":"","protected":false},"author":1,"featured_media":0,"parent":0,"menu_order":0,"comment_status":"closed","ping_status":"closed","template":"","meta":{"footnotes":""},"class_list":["post-28","page","type-page","status-publish","hentry"],"blocksy_meta":[],"jetpack_sharing_enabled":true,"_links":{"self":[{"href":"https:\/\/fundacionnuevomundo.org.ec\/index.php\/wp-json\/wp\/v2\/pages\/28","targetHints":{"allow":["GET"]}}],"collection":[{"href":"https:\/\/fundacionnuevomundo.org.ec\/index.php\/wp-json\/wp\/v2\/pages"}],"about":[{"href":"https:\/\/fundacionnuevomundo.org.ec\/index.php\/wp-json\/wp\/v2\/types\/page"}],"author":[{"embeddable":true,"href":"https:\/\/fundacionnuevomundo.org.ec\/index.php\/wp-json\/wp\/v2\/users\/1"}],"replies":[{"embeddable":true,"href":"https:\/\/fundacionnuevomundo.org.ec\/index.php\/wp-json\/wp\/v2\/comments?post=28"}],"version-history":[{"count":13,"href":"https:\/\/fundacionnuevomundo.org.ec\/index.php\/wp-json\/wp\/v2\/pages\/28\/revisions"}],"predecessor-version":[{"id":240,"href":"https:\/\/fundacionnuevomundo.org.ec\/index.php\/wp-json\/wp\/v2\/pages\/28\/revisions\/240"}],"wp:attachment":[{"href":"https:\/\/fundacionnuevomundo.org.ec\/index.php\/wp-json\/wp\/v2\/media?parent=28"}],"curies":[{"name":"wp","href":"https:\/\/api.w.org\/{rel}","templated":true}]}}